{"id":2108,"date":"2024-09-20T10:17:36","date_gmt":"2024-09-20T08:17:36","guid":{"rendered":"https:\/\/fical.ch\/?page_id=2108"},"modified":"2024-09-20T10:48:51","modified_gmt":"2024-09-20T08:48:51","slug":"politique-de-cookies","status":"publish","type":"page","link":"https:\/\/fical.ch\/fr\/cookie-richtlinie\/","title":{"rendered":"Politique en mati\u00e8re de cookies"},"content":{"rendered":"<div data-elementor-type=\"wp-page\" data-elementor-id=\"2108\" class=\"elementor elementor-2108\" data-elementor-post-type=\"page\">\n\t\t\t\t<div class=\"elementor-element elementor-element-1e6751de e-flex e-con-boxed e-con e-parent\" data-id=\"1e6751de\" data-element_type=\"container\" data-e-type=\"container\">\n\t\t\t\t\t<div class=\"e-con-inner\">\n\t\t\t\t<div class=\"elementor-element elementor-element-5b6dc010 elementor-widget elementor-widget-text-editor\" data-id=\"5b6dc010\" data-element_type=\"widget\" data-e-type=\"widget\" data-widget_type=\"text-editor.default\">\n\t\t\t\t<div class=\"elementor-widget-container\">\n\t\t\t\t\t\t\t\t\t<h1 class=\"translation-block\"><strong> Politique relative aux cookies de\nFICAL Finanzierungs-Genossenschaft &amp; FICAL Finance AG\n<\/strong><\/h1><p>Version 2.0<\/p><p>Nous utilisons des \u00ab cookies \u00bb. Ce sont de petits fichiers texte qui sont transf\u00e9r\u00e9s sur votre disque dur par un serveur Web. Ils nous permettent de recevoir automatiquement certaines donn\u00e9es telles que l\u2019adresse IP, le type de navigateur, le syst\u00e8me d\u2019exploitation et votre connexion \u00e0 Internet. Les cookies ne peuvent pas \u00eatre utilis\u00e9s pour lancer des programmes ou transmettre des virus \u00e0 un ordinateur. Les informations contenues dans les cookies nous permettent de faciliter votre navigation et d\u2019afficher correctement notre site Internet et notre application (ci-apr\u00e8s les \u00ab Services \u00bb).<\/p><p>Vous pouvez d\u00e9sactiver l\u2019utilisation de cookies \u00e0 tout moment via les param\u00e8tres de votre navigateur. Certaines fonctions de nos Services pourraient toutefois \u00eatre d\u00e9sactiv\u00e9es.<\/p><h4><strong>CAT\u00c9GORIES DE COOKIES<\/strong><\/h4><ul><li>Cookies requis :<\/li><\/ul><p>Ces cookies recueillent des informations sur la fa\u00e7on dont vous utilisez les services. Nous pouvons utiliser ces donn\u00e9es pour optimiser nos services et faciliter votre navigation. Ces cookies sont \u00e9galement utilis\u00e9s pour permettre aux soci\u00e9t\u00e9s affili\u00e9es de savoir si vous avez \u00e9t\u00e9 redirig\u00e9 depuis une application d\u2019une autre soci\u00e9t\u00e9 affili\u00e9e et si votre visite a donn\u00e9 lieu \u00e0 l\u2019utilisation ou l\u2019achat d\u2019un produit ou service (y compris des informations sur les produits ou services achet\u00e9s). Les cookies de performance et d\u2019analyse de nos services sont par exemple Google Analytics, Hotjar et Pixel Facebook.<\/p><ul><li>Cookies de performance et d'analyse :<\/li><\/ul><p>Ces cookies collectent des informations sur la mani\u00e8re dont vous utilisez les services. Nous pouvons utiliser ces informations pour optimiser nos services et faciliter votre navigation. Ces cookies sont \u00e9galement utilis\u00e9s pour permettre aux soci\u00e9t\u00e9s affili\u00e9es de savoir si vous venez d'une application d'une autre soci\u00e9t\u00e9 affili\u00e9e et si votre visite s'est termin\u00e9e par l'utilisation ou l'achat d'un produit ou d'un service (y compris des informations sur les produits ou services achet\u00e9s). Les cookies de performance et d'analyse dans nos services sont par exemple Google Analytics, Hotjar et Facebook Pixel.<\/p><ul><li>Cookies de fonction et de ciblage :<\/li><\/ul><p>Ces cookies permettent au site Web de proposer des fonctionnalit\u00e9s avanc\u00e9es et une personnalisation. Ces cookies enregistrent les choix que vous avez faits pendant la navigation. Par exemple, nous pouvons enregistrer votre emplacement g\u00e9ographique dans un cookie afin de nous assurer d\u2019afficher la version des services qui correspond \u00e0 votre localisation. Les cookies peuvent \u00e9galement \u00eatre utilis\u00e9s pour enregistrer les produits que vous avez consult\u00e9s afin de ne pas vous proposer deux fois la m\u00eame chose. Ils sont \u00e9galement utilis\u00e9s pour rendre les messages publicitaires plus pertinents pour vous, en fonction de vos int\u00e9r\u00eats. Les informations collect\u00e9es par ces cookies ne permettent pas de vous identifier. Les cookies de fonctionnalit\u00e9 et de ciblage utilis\u00e9s sur nos Services sont par exemple Google Ads.<\/p><h4><strong>COOKIES UTILIS\u00c9S<\/strong><\/h4><ol><li>Google Ads<\/li><\/ol><p>Les cookies de Google Ads permettent par exemple \u00e0 FICAL de savoir si vous louez ou mettez en location un bien apr\u00e8s avoir cliqu\u00e9 sur une annonce affich\u00e9e sur le r\u00e9seau publicitaire Google Ads. Le but est de mesurer l\u2019efficacit\u00e9 des annonces. Ces informations nous permettent d\u2019am\u00e9liorer l\u2019efficacit\u00e9 de nos services et de nos futures campagnes publicitaires.<\/p><p>\u00a0<\/p><ol><li>Google Analytics<\/li><\/ol><p class=\"translation-block\">FICAL utilise Google Analytics. Il s\u2019agit d\u2019un service d\u2019analyse web fourni par Google Inc. (\u00ab Google \u00bb). Les informations g\u00e9n\u00e9r\u00e9es par les cookies concernant votre utilisation de ces Services sont g\u00e9n\u00e9ralement transmises \u00e0 un serveur de Google aux \u00c9tats-Unis, o\u00f9 elles sont stock\u00e9es. En raison de l\u2019activation de l\u2019anonymisation IP sur ces Services, votre adresse IP sera toutefois tronqu\u00e9e au pr\u00e9alable par Google en Suisse, dans l\u2019UE et dans les pays de l\u2019EEE. L\u2019adresse IP compl\u00e8te n\u2019est transmise que dans certains cas exceptionnels \u00e0 un serveur de Google aux \u00c9tats-Unis, o\u00f9 elle est tronqu\u00e9e. Pour le compte de l\u2019exploitant des services, Google utilisera ces informations dans le but d\u2019\u00e9valuer votre utilisation du service, de compiler des rapports sur l\u2019activit\u00e9 du service et de fournir \u00e0 l\u2019exploitant des services d\u2019autres services li\u00e9s \u00e0 l\u2019utilisation du service et d\u2019Internet. L\u2019adresse IP transmise par votre navigateur dans le cadre de Google Analytics n\u2019est pas recoup\u00e9e avec d\u2019autres donn\u00e9es de Google. Les finalit\u00e9s du traitement consistent \u00e0 analyser l\u2019utilisation des Services et \u00e0 compiler des rapports sur les activit\u00e9s li\u00e9es aux Services. Sur la base de l\u2019utilisation des services et d\u2019Internet, d\u2019autres services connexes seront fournis. Le traitement est bas\u00e9 sur notre int\u00e9r\u00eat l\u00e9gitime \u00e0 l\u2019exploitation de nos Services.\nVous pouvez refuser l\u2019utilisation de cookies en s\u00e9lectionnant les param\u00e8tres appropri\u00e9s de votre navigateur. Toutefois, il pourrait en r\u00e9sulter une impossibilit\u00e9 d\u2019utiliser pleinement toutes les fonctions des Services. Vous pouvez \u00e9galement emp\u00eacher le transfert des donn\u00e9es g\u00e9n\u00e9r\u00e9es par le cookie et relatives \u00e0 l\u2019utilisation des Services \u00e0 Google, ainsi que le traitement de ces donn\u00e9es par Google, en t\u00e9l\u00e9chargeant et en installant le plug-in de navigateur disponible en cliquant sur le lien suivant : https:\/\/tools.google.com\/dlpage\/gaoptout?hl=fr<\/p><p>\u00a0<\/p><ol><li>Pixel Facebook<\/li><\/ol><p>FICAL utilise Facebook et Instagram pour vous pr\u00e9senter des offres pertinentes qui correspondent \u00e0 vos int\u00e9r\u00eats et \u00e0 votre utilisation de notre site et de nos services. Pour ce faire, FICAL utilise des cookies qui sont plac\u00e9s chaque fois que vous \u00eates redirig\u00e9 sur notre site via Facebook. Facebook peut alors vous reconna\u00eetre comme utilisateur de Facebook. Lors de votre visite suivante de Facebook, une annonce FICAL pourra \u00eatre affich\u00e9e sur votre appareil. FICAL utilise le Pixel Facebook pour mesurer l\u2019efficacit\u00e9 des campagnes. FICAL collecte les donn\u00e9es \u00e0 l\u2019aide des cookies et des techniques similaires de Facebook. Facebook re\u00e7oit \u00e9galement les donn\u00e9es de l\u2019utilisateur pour ses propres activit\u00e9s et est responsable du traitement ult\u00e9rieur des donn\u00e9es \u00e0 partir du moment o\u00f9 les donn\u00e9es sont collect\u00e9es. Cela concerne, entre autres, la visualisation de contenus et de publicit\u00e9s personnalis\u00e9s sur la base d\u2019interactions dans et en dehors des produits Facebook.<\/p><p>\u00a0<\/p><ol><li>Hotjar<\/li><\/ol><p>Nous utilisons Hotjar pour mieux comprendre les besoins de nos utilisateurs et optimiser l\u2019offre et l\u2019exp\u00e9rience sur ce site. La technologie de Hotjar nous permet de mieux comprendre les exp\u00e9riences de nos utilisateurs (par exemple, combien de temps les utilisateurs passent sur quelles pages, les liens sur lesquels ils cliquent, ce qu\u2019ils aiment et n\u2019aiment pas, etc.), ce qui nous aide \u00e0 adapter notre offre aux commentaires de nos utilisateurs. Hotjar utilise des cookies et d\u2019autres technologies pour collecter des donn\u00e9es sur le comportement de nos utilisateurs et sur leurs terminaux, notamment l\u2019adresse IP de l\u2019appareil (collect\u00e9e et stock\u00e9e uniquement sous forme anonymis\u00e9e pendant votre utilisation du site), la taille de l\u2019\u00e9cran, le type d\u2019appareil (identifiant unique), les informations sur le navigateur utilis\u00e9, la localisation (pays uniquement), la langue pr\u00e9f\u00e9r\u00e9e pour l\u2019affichage de notre site. Hotjar stocke ces informations pour notre compte dans un profil utilisateur pseudonymis\u00e9. Hotjar a l\u2019interdiction contractuelle de vendre les donn\u00e9es collect\u00e9es en notre nom.<\/p><p>Pour plus d\u2019informations, reportez-vous \u00e0 la section \u00ab about Hotjar \u00bb de la page d\u2019aide de Hotjar.<\/p><p>\u00a0<\/p><ol><li>Polices de caract\u00e8res Google<\/li><\/ol><p>Les polices Google sont transf\u00e9r\u00e9es vers le cache de votre navigateur www.google.com\/webfonts afin d\u2019\u00e9viter de multiples chargements. Si le navigateur ne prend pas en charge les polices Google ou emp\u00eache l\u2019acc\u00e8s, le contenu est affich\u00e9 dans la police standard. L\u2019appel des biblioth\u00e8ques de polices d\u00e9clenche automatiquement une connexion \u00e0 l\u2019exploitant de la biblioth\u00e8que. La politique de confidentialit\u00e9 est disponible ici https:\/\/www.google.com\/policies\/privacy.\u00a0<a href=\"https:\/\/www.google.com\/policies\/privacy\">https:\/\/www.google.com\/policies\/privacy<\/a>.<\/p><p>\u00a0<\/p><h4><strong>CONTACT<\/strong><\/h4><p>Pour plus d'informations sur l'utilisation des cookies sur nos services, veuillez contacter\u00a0<a href=\"mailto:datenschutz@sharely.ch\">info@fical.ch<\/a>.<\/p>\t\t\t\t\t\t\t\t<\/div>\n\t\t\t\t<\/div>\n\t\t\t\t\t<\/div>\n\t\t\t\t<\/div>\n\t\t\t\t<\/div>","protected":false},"excerpt":{"rendered":"<p>Cookie Richtlinie derFICAL Finanzierungs-Genossenschaft &amp; FICAL Finance AG Version 2.0 Wir verwenden sogenannte \u00abCookies\u00bb. Dies sind kleine Textdateien, die von einem Websiteserver auf Ihre Festplatte \u00fcbertragen werden. Hierdurch erhalten wir automatisch bestimmte Daten wie zum Beispiel IP-Adresse, Browsertyp, Betriebssystem und Ihre Verbindung zum Internet. Cookies k\u00f6nnen nicht verwendet werden, um Programme zu starten oder Viren [&hellip;]<\/p>\n","protected":false},"author":1,"featured_media":0,"parent":0,"menu_order":0,"comment_status":"closed","ping_status":"closed","template":"","meta":{"inline_featured_image":false,"footnotes":""},"class_list":["post-2108","page","type-page","status-publish","hentry"],"yoast_head":"<!-- This site is optimized with the Yoast SEO plugin v27.5 - https:\/\/yoast.com\/product\/yoast-seo-wordpress\/ -->\n<title>Cookie Richtlinie - Fical<\/title>\n<meta name=\"robots\" content=\"index, follow, max-snippet:-1, max-image-preview:large, max-video-preview:-1\" \/>\n<link rel=\"canonical\" href=\"https:\/\/fical.ch\/fr\/politique-de-cookies\/\" \/>\n<meta property=\"og:locale\" content=\"fr_FR\" \/>\n<meta property=\"og:type\" content=\"article\" \/>\n<meta property=\"og:title\" content=\"Cookie Richtlinie - Fical\" \/>\n<meta property=\"og:description\" content=\"Cookie Richtlinie derFICAL Finanzierungs-Genossenschaft &amp; FICAL Finance AG Version 2.0 Wir verwenden sogenannte \u00abCookies\u00bb. Dies sind kleine Textdateien, die von einem Websiteserver auf Ihre Festplatte \u00fcbertragen werden. Hierdurch erhalten wir automatisch bestimmte Daten wie zum Beispiel IP-Adresse, Browsertyp, Betriebssystem und Ihre Verbindung zum Internet. Cookies k\u00f6nnen nicht verwendet werden, um Programme zu starten oder Viren [&hellip;]\" \/>\n<meta property=\"og:url\" content=\"https:\/\/fical.ch\/fr\/politique-de-cookies\/\" \/>\n<meta property=\"og:site_name\" content=\"Fical\" \/>\n<meta property=\"article:modified_time\" content=\"2024-09-20T08:48:51+00:00\" \/>\n<meta name=\"twitter:card\" content=\"summary_large_image\" \/>\n<meta name=\"twitter:label1\" content=\"Dur\u00e9e de lecture estim\u00e9e\" \/>\n\t<meta name=\"twitter:data1\" content=\"5 minutes\" \/>\n<script type=\"application\/ld+json\" class=\"yoast-schema-graph\">{\"@context\":\"https:\\\/\\\/schema.org\",\"@graph\":[{\"@type\":\"WebPage\",\"@id\":\"https:\\\/\\\/fical.ch\\\/cookie-richtlinie\\\/\",\"url\":\"https:\\\/\\\/fical.ch\\\/cookie-richtlinie\\\/\",\"name\":\"Cookie Richtlinie - Fical\",\"isPartOf\":{\"@id\":\"https:\\\/\\\/fical.ch\\\/#website\"},\"datePublished\":\"2024-09-20T08:17:36+00:00\",\"dateModified\":\"2024-09-20T08:48:51+00:00\",\"breadcrumb\":{\"@id\":\"https:\\\/\\\/fical.ch\\\/cookie-richtlinie\\\/#breadcrumb\"},\"inLanguage\":\"fr-FR\",\"potentialAction\":[{\"@type\":\"ReadAction\",\"target\":[\"https:\\\/\\\/fical.ch\\\/cookie-richtlinie\\\/\"]}]},{\"@type\":\"BreadcrumbList\",\"@id\":\"https:\\\/\\\/fical.ch\\\/cookie-richtlinie\\\/#breadcrumb\",\"itemListElement\":[{\"@type\":\"ListItem\",\"position\":1,\"name\":\"Accueil\",\"item\":\"https:\\\/\\\/fical.ch\\\/\"},{\"@type\":\"ListItem\",\"position\":2,\"name\":\"Cookie Richtlinie\"}]},{\"@type\":\"WebSite\",\"@id\":\"https:\\\/\\\/fical.ch\\\/#website\",\"url\":\"https:\\\/\\\/fical.ch\\\/\",\"name\":\"Fical\",\"description\":\"\",\"publisher\":{\"@id\":\"https:\\\/\\\/fical.ch\\\/#organization\"},\"potentialAction\":[{\"@type\":\"SearchAction\",\"target\":{\"@type\":\"EntryPoint\",\"urlTemplate\":\"https:\\\/\\\/fical.ch\\\/?s={search_term_string}\"},\"query-input\":{\"@type\":\"PropertyValueSpecification\",\"valueRequired\":true,\"valueName\":\"search_term_string\"}}],\"inLanguage\":\"fr-FR\"},{\"@type\":\"Organization\",\"@id\":\"https:\\\/\\\/fical.ch\\\/#organization\",\"name\":\"Fical\",\"url\":\"https:\\\/\\\/fical.ch\\\/\",\"logo\":{\"@type\":\"ImageObject\",\"inLanguage\":\"fr-FR\",\"@id\":\"https:\\\/\\\/fical.ch\\\/#\\\/schema\\\/logo\\\/image\\\/\",\"url\":\"https:\\\/\\\/fical.ch\\\/wp-content\\\/uploads\\\/2023\\\/11\\\/fical_logo_final.png\",\"contentUrl\":\"https:\\\/\\\/fical.ch\\\/wp-content\\\/uploads\\\/2023\\\/11\\\/fical_logo_final.png\",\"width\":91,\"height\":23,\"caption\":\"Fical\"},\"image\":{\"@id\":\"https:\\\/\\\/fical.ch\\\/#\\\/schema\\\/logo\\\/image\\\/\"}}]}<\/script>\n<!-- \/ Yoast SEO plugin. -->","yoast_head_json":{"title":"Politique en mati\u00e8re de cookies - Fical","robots":{"index":"index","follow":"follow","max-snippet":"max-snippet:-1","max-image-preview":"max-image-preview:large","max-video-preview":"max-video-preview:-1"},"canonical":"https:\/\/fical.ch\/fr\/politique-de-cookies\/","og_locale":"fr_FR","og_type":"article","og_title":"Cookie Richtlinie - Fical","og_description":"Cookie Richtlinie derFICAL Finanzierungs-Genossenschaft &amp; FICAL Finance AG Version 2.0 Wir verwenden sogenannte \u00abCookies\u00bb. Dies sind kleine Textdateien, die von einem Websiteserver auf Ihre Festplatte \u00fcbertragen werden. Hierdurch erhalten wir automatisch bestimmte Daten wie zum Beispiel IP-Adresse, Browsertyp, Betriebssystem und Ihre Verbindung zum Internet. Cookies k\u00f6nnen nicht verwendet werden, um Programme zu starten oder Viren [&hellip;]","og_url":"https:\/\/fical.ch\/fr\/politique-de-cookies\/","og_site_name":"Fical","article_modified_time":"2024-09-20T08:48:51+00:00","twitter_card":"summary_large_image","twitter_misc":{"Dur\u00e9e de lecture estim\u00e9e":"5 minutes"},"schema":{"@context":"https:\/\/schema.org","@graph":[{"@type":"WebPage","@id":"https:\/\/fical.ch\/cookie-richtlinie\/","url":"https:\/\/fical.ch\/cookie-richtlinie\/","name":"Politique en mati\u00e8re de cookies - Fical","isPartOf":{"@id":"https:\/\/fical.ch\/#website"},"datePublished":"2024-09-20T08:17:36+00:00","dateModified":"2024-09-20T08:48:51+00:00","breadcrumb":{"@id":"https:\/\/fical.ch\/cookie-richtlinie\/#breadcrumb"},"inLanguage":"fr-FR","potentialAction":[{"@type":"ReadAction","target":["https:\/\/fical.ch\/cookie-richtlinie\/"]}]},{"@type":"BreadcrumbList","@id":"https:\/\/fical.ch\/cookie-richtlinie\/#breadcrumb","itemListElement":[{"@type":"ListItem","position":1,"name":"Accueil","item":"https:\/\/fical.ch\/"},{"@type":"ListItem","position":2,"name":"Cookie Richtlinie"}]},{"@type":"WebSite","@id":"https:\/\/fical.ch\/#website","url":"https:\/\/fical.ch\/","name":"Fical","description":"","publisher":{"@id":"https:\/\/fical.ch\/#organization"},"potentialAction":[{"@type":"SearchAction","target":{"@type":"EntryPoint","urlTemplate":"https:\/\/fical.ch\/?s={search_term_string}"},"query-input":{"@type":"PropertyValueSpecification","valueRequired":true,"valueName":"search_term_string"}}],"inLanguage":"fr-FR"},{"@type":"Organization","@id":"https:\/\/fical.ch\/#organization","name":"Fical","url":"https:\/\/fical.ch\/","logo":{"@type":"ImageObject","inLanguage":"fr-FR","@id":"https:\/\/fical.ch\/#\/schema\/logo\/image\/","url":"https:\/\/fical.ch\/wp-content\/uploads\/2023\/11\/fical_logo_final.png","contentUrl":"https:\/\/fical.ch\/wp-content\/uploads\/2023\/11\/fical_logo_final.png","width":91,"height":23,"caption":"Fical"},"image":{"@id":"https:\/\/fical.ch\/#\/schema\/logo\/image\/"}}]}},"_links":{"self":[{"href":"https:\/\/fical.ch\/fr\/wp-json\/wp\/v2\/pages\/2108","targetHints":{"allow":["GET"]}}],"collection":[{"href":"https:\/\/fical.ch\/fr\/wp-json\/wp\/v2\/pages"}],"about":[{"href":"https:\/\/fical.ch\/fr\/wp-json\/wp\/v2\/types\/page"}],"author":[{"embeddable":true,"href":"https:\/\/fical.ch\/fr\/wp-json\/wp\/v2\/users\/1"}],"replies":[{"embeddable":true,"href":"https:\/\/fical.ch\/fr\/wp-json\/wp\/v2\/comments?post=2108"}],"version-history":[{"count":0,"href":"https:\/\/fical.ch\/fr\/wp-json\/wp\/v2\/pages\/2108\/revisions"}],"wp:attachment":[{"href":"https:\/\/fical.ch\/fr\/wp-json\/wp\/v2\/media?parent=2108"}],"curies":[{"name":"wp","href":"https:\/\/api.w.org\/{rel}","templated":true}]}}