{"id":2108,"date":"2024-09-20T10:17:36","date_gmt":"2024-09-20T08:17:36","guid":{"rendered":"https:\/\/fical.ch\/?page_id=2108"},"modified":"2024-09-20T10:48:51","modified_gmt":"2024-09-20T08:48:51","slug":"politica-dei-cookie","status":"publish","type":"page","link":"https:\/\/fical.ch\/it\/cookie-richtlinie\/","title":{"rendered":"Informativa sui cookie"},"content":{"rendered":"<div data-elementor-type=\"wp-page\" data-elementor-id=\"2108\" class=\"elementor elementor-2108\" data-elementor-post-type=\"page\">\n\t\t\t\t<div class=\"elementor-element elementor-element-1e6751de e-flex e-con-boxed e-con e-parent\" data-id=\"1e6751de\" data-element_type=\"container\" data-e-type=\"container\">\n\t\t\t\t\t<div class=\"e-con-inner\">\n\t\t\t\t<div class=\"elementor-element elementor-element-5b6dc010 elementor-widget elementor-widget-text-editor\" data-id=\"5b6dc010\" data-element_type=\"widget\" data-e-type=\"widget\" data-widget_type=\"text-editor.default\">\n\t\t\t\t<div class=\"elementor-widget-container\">\n\t\t\t\t\t\t\t\t\t<h1 class=\"translation-block\"><strong>Politica dei cookie della<br>FICAL Finanzierungs-Genossenschaft &amp; FICAL Finance AG<\/strong><\/h1><p>Versione 2.0<\/p><p>Utilizziamo i cosiddetti \"cookie\". Si tratta di piccoli file di testo che vengono trasferiti dal server di un sito web al vostro disco rigido. Questo ci fornisce automaticamente alcuni dati come l'indirizzo IP, il tipo di browser, il sistema operativo e la vostra connessione a Internet. I cookie non possono essere utilizzati per avviare programmi o trasferire virus a un computer. Sulla base delle informazioni contenute nei cookie, possiamo facilitare la navigazione dell'utente e consentire la corretta visualizzazione del nostro sito web e della nostra applicazione (di seguito \"servizi\").<\/p><p>\u00c8 possibile disattivare l'uso dei cookie in qualsiasi momento tramite le impostazioni del browser. Tuttavia, anche alcune funzioni dei nostri servizi potrebbero essere disattivate.<\/p><h4><strong>CATEGORIE DI COOKIE<\/strong><\/h4><ul><li>Cookie necessari:<\/li><\/ul><p>Questi cookie sono necessari per consentire all'utente di navigare tra i nostri servizi e utilizzarne le funzioni. Sono assolutamente necessari per il corretto funzionamento dell'applicazione web. Ci\u00f2 include, ad esempio, il login con i vostri dati utente.<\/p><ul><li>Cookie di prestazione e di analisi:<\/li><\/ul><p>Questi cookie raccolgono informazioni sul modo in cui l'utente utilizza i servizi. Possiamo utilizzare questi dati per ottimizzare i nostri servizi e facilitare la navigazione dell'utente. Questi cookie vengono utilizzati anche per consentire alle societ\u00e0 affiliate di riconoscere se l'utente proviene da un'applicazione di un'altra societ\u00e0 affiliata e se la sua visita \u00e8 stata completata con l'utilizzo o l'acquisto di un prodotto o servizio (comprese le informazioni sui prodotti o servizi acquistati). I cookie di performance e di analisi dei nostri servizi includono Google Analytics, Hotjar e Facebook Pixel.<\/p><ul><li>Cookie funzionali e di targeting:<\/li><\/ul><p>Questi cookie consentono al sito web di fornire funzionalit\u00e0 e personalizzazioni migliori. Questi cookie ricordano le scelte fatte dall'utente durante la navigazione. Ad esempio, possiamo memorizzare la vostra posizione geografica in un cookie per assicurarci di visualizzare la versione dei servizi appropriata alla vostra posizione. I cookie possono anche essere utilizzati per registrare i prodotti visualizzati dall'utente, in modo da evitare che gli venga proposto due volte lo stesso prodotto. Vengono inoltre utilizzati per rendere i messaggi pubblicitari pi\u00f9 pertinenti all'utente e ai suoi interessi. Le informazioni raccolte da questi cookie non vi identificano. I cookie di funzionalit\u00e0 e di targeting dei nostri servizi includono Google Ads.<\/p><h4><strong>COOKIE UTILIZZATI<\/strong><\/h4><ol><li>Annunci di Google<\/li><\/ol><p>I cookie di Google Ads consentono a FICAL di riconoscere, ad esempio, se l'utente sta affittando o locando un immobile dopo aver cliccato su un annuncio visualizzato nella rete pubblicitaria di Google Ads. Lo scopo \u00e8 quello di misurare l'efficacia degli annunci. Possiamo utilizzare queste informazioni per migliorare l'efficacia dei nostri servizi e delle nostre future campagne pubblicitarie.<\/p><p>\u00a0<\/p><ol><li>Google Analytics<\/li><\/ol><p class=\"translation-block\">FICAL utilizza Google Analytics. Si tratta di un servizio di analisi web di Google Inc (\"Google\"). Le informazioni generate dai cookie sull'utilizzo di questi servizi da parte dell'utente vengono solitamente trasferite a un server di Google negli Stati Uniti e l\u00ec memorizzate. Tuttavia, a causa dell'attivazione dell'anonimizzazione dell'IP su questi servizi, il vostro indirizzo IP viene preventivamente troncato da Google all'interno della Svizzera, dell'UE e degli Stati membri del SEE. Solo in casi eccezionali l'indirizzo IP completo verr\u00e0 trasmesso a un server di Google negli Stati Uniti e l\u00ec troncato. Su incarico del gestore del servizio, Google utilizzer\u00e0 queste informazioni per analizzare l'utilizzo dei servizi da parte dell'utente, per redigere rapporti sulle attivit\u00e0 del servizio e per fornire al gestore del servizio ulteriori servizi connessi all'utilizzo del servizio e di Internet. L'indirizzo IP trasmesso dal vostro browser nell'ambito di Google Analytics non viene unito ad altri dati di Google. Lo scopo dell'elaborazione dei dati \u00e8 l'analisi dell'utilizzo dei servizi e la stesura di rapporti sulle attivit\u00e0 dei servizi. In seguito, sulla base dell'utilizzo dei servizi e di Internet, verranno forniti ulteriori servizi correlati. Il trattamento si basa sul nostro legittimo interesse a gestire i nostri servizi.<br>L'utente pu\u00f2 impedire la memorizzazione dei cookie impostando di conseguenza il software del proprio browser. Tuttavia, ci\u00f2 potrebbe comportare l'impossibilit\u00e0 di utilizzare appieno tutte le funzioni dei servizi. Potete inoltre impedire a Google di raccogliere i dati generati dal cookie e relativi all'utilizzo dei servizi e di elaborarli da parte di Google scaricando e installando il plug-in del browser disponibile al seguente link: <a href=\"https:\/\/tools.google.com\/dlpage\/gaoptout?hl=de\" target=\"_self\">https:\/\/tools.google.com\/dlpage\/gaoptout?hl=de<\/a><\/p><p>\u00a0<\/p><ol><li>Pixel di Facebook<\/li><\/ol><p>FICAL utilizza Facebook e Instagram per mostrarvi offerte pertinenti che corrispondono ai vostri interessi e al vostro utilizzo del nostro sito web e dei nostri servizi. FICAL utilizza dei cookie che vengono inseriti ogni volta che si viene indirizzati al nostro sito web tramite Facebook. Facebook pu\u00f2 quindi riconoscere l'utente come utente di Facebook. La volta successiva che l'utente visita Facebook, \u00e8 possibile che gli venga mostrata una pubblicit\u00e0 di FICAL. FICAL utilizza il pixel di Facebook per misurare l'efficacia delle campagne. FICAL raccoglie i dati utilizzando i cookie di Facebook e tecniche simili. Facebook riceve anche i dati degli utenti per i propri scopi ed \u00e8 responsabile dell'ulteriore trattamento dei dati dal momento della loro raccolta. Ci\u00f2 riguarda, tra l'altro, la visualizzazione di contenuti e annunci pubblicitari personalizzati in base alle interazioni all'interno e all'esterno dei prodotti Facebook.<\/p><p>\u00a0<\/p><ol><li>Hotjar<\/li><\/ol><p>Utilizziamo Hotjar per comprendere meglio le esigenze dei nostri utenti e per ottimizzare l'offerta e l'esperienza su questo sito web. La tecnologia di Hotjar ci consente di comprendere meglio l'esperienza dei nostri utenti (ad esempio, quanto tempo gli utenti trascorrono su quali pagine, su quali link cliccano, cosa piace e cosa non piace, ecc. Hotjar lavora con i cookie e altre tecnologie per raccogliere dati sul comportamento dei nostri utenti e dei loro dispositivi finali, in particolare l'indirizzo IP del dispositivo (viene registrato e memorizzato in forma anonima solo durante l'utilizzo del sito web), le dimensioni dello schermo, il tipo di dispositivo (identificatori univoci del dispositivo), informazioni sul browser utilizzato, la posizione (solo per il Paese), la lingua preferita per la visualizzazione del nostro sito web. Hotjar memorizza queste informazioni per nostro conto in un profilo utente pseudonimizzato. Hotjar ha il divieto contrattuale di vendere i dati raccolti per nostro conto.<\/p><p>Per ulteriori informazioni, consultate la sezione \"Informazioni su Hotjar\" nella pagina di aiuto di Hotjar.<\/p><p>\u00a0<\/p><ol><li>Google Webfonts<\/li><\/ol><p>I web font di Google vengono trasferiti nella cache del browser per evitare il caricamento multiplo www.google.com\/webfonts. Se il browser non supporta i web font di Google o ne impedisce l'accesso, il contenuto viene visualizzato con il font standard. Il richiamo delle librerie di font attiva automaticamente una connessione al gestore della libreria. L'informativa sulla privacy \u00e8 disponibile qui\u00a0<a href=\"https:\/\/www.google.com\/policies\/privacy\">https:\/\/www.google.com\/policies\/privacy<\/a>.<\/p><p>\u00a0<\/p><h4><strong>CONTATTO<\/strong><\/h4><p>Per ulteriori informazioni sull'uso dei cookie nei nostri servizi, si prega di contattare\u00a0<a href=\"mailto:datenschutz@sharely.ch\">info@fical.ch<\/a>.<\/p>\t\t\t\t\t\t\t\t<\/div>\n\t\t\t\t<\/div>\n\t\t\t\t\t<\/div>\n\t\t\t\t<\/div>\n\t\t\t\t<\/div>","protected":false},"excerpt":{"rendered":"<p>Cookie Richtlinie derFICAL Finanzierungs-Genossenschaft &amp; FICAL Finance AG Version 2.0 Wir verwenden sogenannte \u00abCookies\u00bb. Dies sind kleine Textdateien, die von einem Websiteserver auf Ihre Festplatte \u00fcbertragen werden. Hierdurch erhalten wir automatisch bestimmte Daten wie zum Beispiel IP-Adresse, Browsertyp, Betriebssystem und Ihre Verbindung zum Internet. Cookies k\u00f6nnen nicht verwendet werden, um Programme zu starten oder Viren [&hellip;]<\/p>\n","protected":false},"author":1,"featured_media":0,"parent":0,"menu_order":0,"comment_status":"closed","ping_status":"closed","template":"","meta":{"inline_featured_image":false,"footnotes":""},"class_list":["post-2108","page","type-page","status-publish","hentry"],"yoast_head":"<!-- This site is optimized with the Yoast SEO plugin v27.4 - https:\/\/yoast.com\/product\/yoast-seo-wordpress\/ -->\n<title>Cookie Richtlinie - Fical<\/title>\n<meta name=\"robots\" content=\"index, follow, max-snippet:-1, max-image-preview:large, max-video-preview:-1\" \/>\n<link rel=\"canonical\" href=\"https:\/\/fical.ch\/it\/politica-dei-cookie\/\" \/>\n<meta property=\"og:locale\" content=\"it_IT\" \/>\n<meta property=\"og:type\" content=\"article\" \/>\n<meta property=\"og:title\" content=\"Cookie Richtlinie - Fical\" \/>\n<meta property=\"og:description\" content=\"Cookie Richtlinie derFICAL Finanzierungs-Genossenschaft &amp; FICAL Finance AG Version 2.0 Wir verwenden sogenannte \u00abCookies\u00bb. Dies sind kleine Textdateien, die von einem Websiteserver auf Ihre Festplatte \u00fcbertragen werden. Hierdurch erhalten wir automatisch bestimmte Daten wie zum Beispiel IP-Adresse, Browsertyp, Betriebssystem und Ihre Verbindung zum Internet. Cookies k\u00f6nnen nicht verwendet werden, um Programme zu starten oder Viren [&hellip;]\" \/>\n<meta property=\"og:url\" content=\"https:\/\/fical.ch\/it\/politica-dei-cookie\/\" \/>\n<meta property=\"og:site_name\" content=\"Fical\" \/>\n<meta property=\"article:modified_time\" content=\"2024-09-20T08:48:51+00:00\" \/>\n<meta name=\"twitter:card\" content=\"summary_large_image\" \/>\n<meta name=\"twitter:label1\" content=\"Tempo di lettura stimato\" \/>\n\t<meta name=\"twitter:data1\" content=\"5 minuti\" \/>\n<script type=\"application\/ld+json\" class=\"yoast-schema-graph\">{\"@context\":\"https:\\\/\\\/schema.org\",\"@graph\":[{\"@type\":\"WebPage\",\"@id\":\"https:\\\/\\\/fical.ch\\\/cookie-richtlinie\\\/\",\"url\":\"https:\\\/\\\/fical.ch\\\/cookie-richtlinie\\\/\",\"name\":\"Cookie Richtlinie - Fical\",\"isPartOf\":{\"@id\":\"https:\\\/\\\/fical.ch\\\/#website\"},\"datePublished\":\"2024-09-20T08:17:36+00:00\",\"dateModified\":\"2024-09-20T08:48:51+00:00\",\"breadcrumb\":{\"@id\":\"https:\\\/\\\/fical.ch\\\/cookie-richtlinie\\\/#breadcrumb\"},\"inLanguage\":\"it-IT\",\"potentialAction\":[{\"@type\":\"ReadAction\",\"target\":[\"https:\\\/\\\/fical.ch\\\/cookie-richtlinie\\\/\"]}]},{\"@type\":\"BreadcrumbList\",\"@id\":\"https:\\\/\\\/fical.ch\\\/cookie-richtlinie\\\/#breadcrumb\",\"itemListElement\":[{\"@type\":\"ListItem\",\"position\":1,\"name\":\"Accueil\",\"item\":\"https:\\\/\\\/fical.ch\\\/\"},{\"@type\":\"ListItem\",\"position\":2,\"name\":\"Cookie Richtlinie\"}]},{\"@type\":\"WebSite\",\"@id\":\"https:\\\/\\\/fical.ch\\\/#website\",\"url\":\"https:\\\/\\\/fical.ch\\\/\",\"name\":\"Fical\",\"description\":\"\",\"publisher\":{\"@id\":\"https:\\\/\\\/fical.ch\\\/#organization\"},\"potentialAction\":[{\"@type\":\"SearchAction\",\"target\":{\"@type\":\"EntryPoint\",\"urlTemplate\":\"https:\\\/\\\/fical.ch\\\/?s={search_term_string}\"},\"query-input\":{\"@type\":\"PropertyValueSpecification\",\"valueRequired\":true,\"valueName\":\"search_term_string\"}}],\"inLanguage\":\"it-IT\"},{\"@type\":\"Organization\",\"@id\":\"https:\\\/\\\/fical.ch\\\/#organization\",\"name\":\"Fical\",\"url\":\"https:\\\/\\\/fical.ch\\\/\",\"logo\":{\"@type\":\"ImageObject\",\"inLanguage\":\"it-IT\",\"@id\":\"https:\\\/\\\/fical.ch\\\/#\\\/schema\\\/logo\\\/image\\\/\",\"url\":\"https:\\\/\\\/fical.ch\\\/wp-content\\\/uploads\\\/2023\\\/11\\\/fical_logo_final.png\",\"contentUrl\":\"https:\\\/\\\/fical.ch\\\/wp-content\\\/uploads\\\/2023\\\/11\\\/fical_logo_final.png\",\"width\":91,\"height\":23,\"caption\":\"Fical\"},\"image\":{\"@id\":\"https:\\\/\\\/fical.ch\\\/#\\\/schema\\\/logo\\\/image\\\/\"}}]}<\/script>\n<!-- \/ Yoast SEO plugin. -->","yoast_head_json":{"title":"Informativa sui cookie - Fical","robots":{"index":"index","follow":"follow","max-snippet":"max-snippet:-1","max-image-preview":"max-image-preview:large","max-video-preview":"max-video-preview:-1"},"canonical":"https:\/\/fical.ch\/it\/politica-dei-cookie\/","og_locale":"it_IT","og_type":"article","og_title":"Cookie Richtlinie - Fical","og_description":"Cookie Richtlinie derFICAL Finanzierungs-Genossenschaft &amp; FICAL Finance AG Version 2.0 Wir verwenden sogenannte \u00abCookies\u00bb. Dies sind kleine Textdateien, die von einem Websiteserver auf Ihre Festplatte \u00fcbertragen werden. Hierdurch erhalten wir automatisch bestimmte Daten wie zum Beispiel IP-Adresse, Browsertyp, Betriebssystem und Ihre Verbindung zum Internet. Cookies k\u00f6nnen nicht verwendet werden, um Programme zu starten oder Viren [&hellip;]","og_url":"https:\/\/fical.ch\/it\/politica-dei-cookie\/","og_site_name":"Fical","article_modified_time":"2024-09-20T08:48:51+00:00","twitter_card":"summary_large_image","twitter_misc":{"Tempo di lettura stimato":"5 minuti"},"schema":{"@context":"https:\/\/schema.org","@graph":[{"@type":"WebPage","@id":"https:\/\/fical.ch\/cookie-richtlinie\/","url":"https:\/\/fical.ch\/cookie-richtlinie\/","name":"Informativa sui cookie - Fical","isPartOf":{"@id":"https:\/\/fical.ch\/#website"},"datePublished":"2024-09-20T08:17:36+00:00","dateModified":"2024-09-20T08:48:51+00:00","breadcrumb":{"@id":"https:\/\/fical.ch\/cookie-richtlinie\/#breadcrumb"},"inLanguage":"it-IT","potentialAction":[{"@type":"ReadAction","target":["https:\/\/fical.ch\/cookie-richtlinie\/"]}]},{"@type":"BreadcrumbList","@id":"https:\/\/fical.ch\/cookie-richtlinie\/#breadcrumb","itemListElement":[{"@type":"ListItem","position":1,"name":"Accueil","item":"https:\/\/fical.ch\/"},{"@type":"ListItem","position":2,"name":"Cookie Richtlinie"}]},{"@type":"WebSite","@id":"https:\/\/fical.ch\/#website","url":"https:\/\/fical.ch\/","name":"Fical","description":"","publisher":{"@id":"https:\/\/fical.ch\/#organization"},"potentialAction":[{"@type":"SearchAction","target":{"@type":"EntryPoint","urlTemplate":"https:\/\/fical.ch\/?s={search_term_string}"},"query-input":{"@type":"PropertyValueSpecification","valueRequired":true,"valueName":"search_term_string"}}],"inLanguage":"it-IT"},{"@type":"Organization","@id":"https:\/\/fical.ch\/#organization","name":"Fical","url":"https:\/\/fical.ch\/","logo":{"@type":"ImageObject","inLanguage":"it-IT","@id":"https:\/\/fical.ch\/#\/schema\/logo\/image\/","url":"https:\/\/fical.ch\/wp-content\/uploads\/2023\/11\/fical_logo_final.png","contentUrl":"https:\/\/fical.ch\/wp-content\/uploads\/2023\/11\/fical_logo_final.png","width":91,"height":23,"caption":"Fical"},"image":{"@id":"https:\/\/fical.ch\/#\/schema\/logo\/image\/"}}]}},"_links":{"self":[{"href":"https:\/\/fical.ch\/it\/wp-json\/wp\/v2\/pages\/2108","targetHints":{"allow":["GET"]}}],"collection":[{"href":"https:\/\/fical.ch\/it\/wp-json\/wp\/v2\/pages"}],"about":[{"href":"https:\/\/fical.ch\/it\/wp-json\/wp\/v2\/types\/page"}],"author":[{"embeddable":true,"href":"https:\/\/fical.ch\/it\/wp-json\/wp\/v2\/users\/1"}],"replies":[{"embeddable":true,"href":"https:\/\/fical.ch\/it\/wp-json\/wp\/v2\/comments?post=2108"}],"version-history":[{"count":0,"href":"https:\/\/fical.ch\/it\/wp-json\/wp\/v2\/pages\/2108\/revisions"}],"wp:attachment":[{"href":"https:\/\/fical.ch\/it\/wp-json\/wp\/v2\/media?parent=2108"}],"curies":[{"name":"wp","href":"https:\/\/api.w.org\/{rel}","templated":true}]}}